{"id":7382,"date":"2023-11-19T21:00:11","date_gmt":"2023-11-19T19:00:11","guid":{"rendered":"https:\/\/mydailydose.eu\/product\/mydailydose-abstraktse-kunsti-poster-curiosity-1-2-tollides\/"},"modified":"2024-05-25T19:01:57","modified_gmt":"2024-05-25T16:01:57","slug":"mydailydose-abstraktse-kunsti-poster-curiosity-1-2-tollides","status":"publish","type":"product","link":"https:\/\/www.mydailydose.eu\/et\/toode\/mydailydose-abstraktse-kunsti-poster-curiosity-1-2-tollides\/","title":{"rendered":"#mydailydose Abstraktse kunsti poster Curiosity 1\/2 (suurused tollides)"},"content":{"rendered":"<p>#mydailydose postrid on mu originaalloomingu digitr\u00fckised.<br \/>\nNeed paksul matil paberil Giclee tippkvaliteettr\u00fckis vormistatud postrid on loodud elavdama sinu ruumi ja kutsuma sind m\u00e4ngulisemasse meeleollu, et v\u00f5iksid tunda oma p\u00e4evast rohkem r\u00f5\u00f5mu. Tore kingitus iseendale v\u00f5i armsatele l\u00e4hedastele.<\/p>\n<p>Tr\u00fckitud kvaliteetpaberile ja valmis raamimiseks. Ei sisalda raami. Postipakendiks postitustoru.<\/p>\n<p>\u2022 Paberi paksus: 10.3 mil (0.26 mm)<br \/>\n\u2022 Paberi kaal: 189 g\/m\u00b2<br \/>\n\u2022 Gicl\u00e9e tr\u00fckikvaliteet<br \/>\n\u2022 L\u00e4bipaistmatus: 94%<br \/>\n\u2022 ISO heledus: 104%<\/p>\n<p>See toode valmistatakse spetsiaalselt sinu jaoks kohe p\u00e4rast tellimuse esitamist. See on p\u00f5hjus, miks toote saatmine sulle pisut enam aega v\u00f5tab. Toodete valmistamine n\u00f5udlusekohaselt ja mitte hulgi aitab v\u00e4hendada \u00fcletootmist. Ait\u00e4h, et oled tegemas teadlikke ostuotsuseid!<\/p>\n","protected":false},"excerpt":{"rendered":"<p>#mydailydose postrid on mu originaalloomingu digitr\u00fckised. Need paksul matil paberil Giclee tippkvaliteettr\u00fckis vormistatud postrid on loodud elavdama sinu ruumi ja kutsuma sind m\u00e4ngulisemasse meeleollu, et v\u00f5iksid tunda oma p\u00e4evast rohkem r\u00f5\u00f5mu. Tore kingitus iseendale v\u00f5i armsatele l\u00e4hedastele. Tr\u00fckitud kvaliteetpaberile ja valmis raamimiseks. Ei sisalda raami. Postipakendiks postitustoru. \u2022 Paberi paksus: 10.3 mil (0.26 mm) \u2022 [&hellip;]<\/p>\n","protected":false},"featured_media":7281,"comment_status":"open","ping_status":"closed","template":"","meta":{"site-sidebar-layout":"default","site-content-layout":"","ast-site-content-layout":"default","site-content-style":"default","site-sidebar-style":"default","ast-global-header-display":"","ast-banner-title-visibility":"","ast-main-header-display":"","ast-hfb-above-header-display":"","ast-hfb-below-header-display":"","ast-hfb-mobile-header-display":"","site-post-title":"","ast-breadcrumbs-content":"","ast-featured-img":"","footer-sml-layout":"","ast-disable-related-posts":"","theme-transparent-header-meta":"default","adv-header-id-meta":"","stick-header-meta":"","header-above-stick-meta":"","header-main-stick-meta":"","header-below-stick-meta":"","astra-migrate-meta-layouts":"set","ast-page-background-enabled":"default","ast-page-background-meta":{"desktop":{"background-color":"","background-image":"","background-repeat":"repeat","background-position":"center center","background-size":"auto","background-attachment":"scroll","background-type":"","background-media":"","overlay-type":"","overlay-color":"","overlay-opacity":"","overlay-gradient":""},"tablet":{"background-color":"","background-image":"","background-repeat":"repeat","background-position":"center center","background-size":"auto","background-attachment":"scroll","background-type":"","background-media":"","overlay-type":"","overlay-color":"","overlay-opacity":"","overlay-gradient":""},"mobile":{"background-color":"","background-image":"","background-repeat":"repeat","background-position":"center center","background-size":"auto","background-attachment":"scroll","background-type":"","background-media":"","overlay-type":"","overlay-color":"","overlay-opacity":"","overlay-gradient":""}},"ast-content-background-meta":{"desktop":{"background-color":"var(--ast-global-color-5)","background-image":"","background-repeat":"repeat","background-position":"center center","background-size":"auto","background-attachment":"scroll","background-type":"","background-media":"","overlay-type":"","overlay-color":"","overlay-opacity":"","overlay-gradient":""},"tablet":{"background-color":"var(--ast-global-color-5)","background-image":"","background-repeat":"repeat","background-position":"center center","background-size":"auto","background-attachment":"scroll","background-type":"","background-media":"","overlay-type":"","overlay-color":"","overlay-opacity":"","overlay-gradient":""},"mobile":{"background-color":"var(--ast-global-color-5)","background-image":"","background-repeat":"repeat","background-position":"center center","background-size":"auto","background-attachment":"scroll","background-type":"","background-media":"","overlay-type":"","overlay-color":"","overlay-opacity":"","overlay-gradient":""}}},"product_brand":[],"product_cat":[],"product_tag":[],"class_list":{"0":"post-7382","1":"product","2":"type-product","3":"status-publish","4":"has-post-thumbnail","6":"desktop-align-left","7":"tablet-align-left","8":"mobile-align-left","10":"first","11":"instock","12":"shipping-taxable","13":"purchasable","14":"product-type-variable"},"yoast_head":"<!-- This site is optimized with the Yoast SEO plugin v27.3 - https:\/\/yoast.com\/product\/yoast-seo-wordpress\/ -->\n<title>#mydailydose Abstraktse kunsti poster Curiosity 1\/2 (suurused tollides) - #mydailydose<\/title>\n<meta name=\"robots\" content=\"index, follow, max-snippet:-1, max-image-preview:large, max-video-preview:-1\" \/>\n<link rel=\"canonical\" href=\"https:\/\/mydailydose.eu\/et\/toode\/mydailydose-abstraktse-kunsti-poster-curiosity-1-2-tollides\/\" \/>\n<meta property=\"og:locale\" content=\"et_EE\" \/>\n<meta property=\"og:type\" content=\"article\" \/>\n<meta property=\"og:title\" content=\"#mydailydose Abstraktse kunsti poster Curiosity 1\/2 (suurused tollides) - #mydailydose\" \/>\n<meta property=\"og:description\" content=\"#mydailydose postrid on mu originaalloomingu digitr\u00fckised. Need paksul matil paberil Giclee tippkvaliteettr\u00fckis vormistatud postrid on loodud elavdama sinu ruumi ja kutsuma sind m\u00e4ngulisemasse meeleollu, et v\u00f5iksid tunda oma p\u00e4evast rohkem r\u00f5\u00f5mu. Tore kingitus iseendale v\u00f5i armsatele l\u00e4hedastele. Tr\u00fckitud kvaliteetpaberile ja valmis raamimiseks. Ei sisalda raami. Postipakendiks postitustoru. \u2022 Paberi paksus: 10.3 mil (0.26 mm) \u2022 [&hellip;]\" \/>\n<meta property=\"og:url\" content=\"https:\/\/mydailydose.eu\/et\/toode\/mydailydose-abstraktse-kunsti-poster-curiosity-1-2-tollides\/\" \/>\n<meta property=\"og:site_name\" content=\"#mydailydose\" \/>\n<meta property=\"article:modified_time\" content=\"2024-05-25T16:01:57+00:00\" \/>\n<meta property=\"og:image\" content=\"https:\/\/mydailydose.eu\/wp-content\/uploads\/2023\/11\/enhanced-matte-paper-poster-in-20x30-lifestyle-1-655a5b2de65eb.jpg\" \/>\n\t<meta property=\"og:image:width\" content=\"1000\" \/>\n\t<meta property=\"og:image:height\" content=\"1000\" \/>\n\t<meta property=\"og:image:type\" content=\"image\/jpeg\" \/>\n<meta name=\"twitter:card\" content=\"summary_large_image\" \/>\n<meta name=\"twitter:label1\" content=\"Est. reading time\" \/>\n\t<meta name=\"twitter:data1\" content=\"1 minut\" \/>\n<script type=\"application\/ld+json\" class=\"yoast-schema-graph\">{\"@context\":\"https:\\\/\\\/schema.org\",\"@graph\":[{\"@type\":\"WebPage\",\"@id\":\"https:\\\/\\\/mydailydose.eu\\\/et\\\/toode\\\/mydailydose-abstraktse-kunsti-poster-curiosity-1-2-tollides\\\/\",\"url\":\"https:\\\/\\\/mydailydose.eu\\\/et\\\/toode\\\/mydailydose-abstraktse-kunsti-poster-curiosity-1-2-tollides\\\/\",\"name\":\"#mydailydose Abstraktse kunsti poster Curiosity 1\\\/2 (suurused tollides) - #mydailydose\",\"isPartOf\":{\"@id\":\"https:\\\/\\\/www.mydailydose.eu\\\/#website\"},\"primaryImageOfPage\":{\"@id\":\"https:\\\/\\\/mydailydose.eu\\\/et\\\/toode\\\/mydailydose-abstraktse-kunsti-poster-curiosity-1-2-tollides\\\/#primaryimage\"},\"image\":{\"@id\":\"https:\\\/\\\/mydailydose.eu\\\/et\\\/toode\\\/mydailydose-abstraktse-kunsti-poster-curiosity-1-2-tollides\\\/#primaryimage\"},\"thumbnailUrl\":\"https:\\\/\\\/www.mydailydose.eu\\\/wp-content\\\/uploads\\\/2023\\\/11\\\/enhanced-matte-paper-poster-in-20x30-lifestyle-1-655a5b2de65eb.jpg\",\"datePublished\":\"2023-11-19T19:00:11+00:00\",\"dateModified\":\"2024-05-25T16:01:57+00:00\",\"breadcrumb\":{\"@id\":\"https:\\\/\\\/mydailydose.eu\\\/et\\\/toode\\\/mydailydose-abstraktse-kunsti-poster-curiosity-1-2-tollides\\\/#breadcrumb\"},\"inLanguage\":\"et\",\"potentialAction\":[{\"@type\":\"ReadAction\",\"target\":[\"https:\\\/\\\/mydailydose.eu\\\/et\\\/toode\\\/mydailydose-abstraktse-kunsti-poster-curiosity-1-2-tollides\\\/\"]}]},{\"@type\":\"ImageObject\",\"inLanguage\":\"et\",\"@id\":\"https:\\\/\\\/mydailydose.eu\\\/et\\\/toode\\\/mydailydose-abstraktse-kunsti-poster-curiosity-1-2-tollides\\\/#primaryimage\",\"url\":\"https:\\\/\\\/www.mydailydose.eu\\\/wp-content\\\/uploads\\\/2023\\\/11\\\/enhanced-matte-paper-poster-in-20x30-lifestyle-1-655a5b2de65eb.jpg\",\"contentUrl\":\"https:\\\/\\\/www.mydailydose.eu\\\/wp-content\\\/uploads\\\/2023\\\/11\\\/enhanced-matte-paper-poster-in-20x30-lifestyle-1-655a5b2de65eb.jpg\",\"width\":1000,\"height\":1000},{\"@type\":\"BreadcrumbList\",\"@id\":\"https:\\\/\\\/mydailydose.eu\\\/et\\\/toode\\\/mydailydose-abstraktse-kunsti-poster-curiosity-1-2-tollides\\\/#breadcrumb\",\"itemListElement\":[{\"@type\":\"ListItem\",\"position\":1,\"name\":\"Home\",\"item\":\"https:\\\/\\\/mydailydose.eu\\\/et\\\/\"},{\"@type\":\"ListItem\",\"position\":2,\"name\":\"Shop\",\"item\":\"https:\\\/\\\/www.mydailydose.eu\\\/shop\\\/\"},{\"@type\":\"ListItem\",\"position\":3,\"name\":\"#mydailydose Abstraktse kunsti poster Curiosity 1\\\/2 (suurused tollides)\"}]},{\"@type\":\"WebSite\",\"@id\":\"https:\\\/\\\/www.mydailydose.eu\\\/#website\",\"url\":\"https:\\\/\\\/www.mydailydose.eu\\\/\",\"name\":\"#mydailydose\",\"description\":\"Unique Gifts to #findyourfab - Original Art and Designs by Inna Inanna\",\"potentialAction\":[{\"@type\":\"SearchAction\",\"target\":{\"@type\":\"EntryPoint\",\"urlTemplate\":\"https:\\\/\\\/www.mydailydose.eu\\\/?s={search_term_string}\"},\"query-input\":{\"@type\":\"PropertyValueSpecification\",\"valueRequired\":true,\"valueName\":\"search_term_string\"}}],\"inLanguage\":\"et\"}]}<\/script>\n<!-- \/ Yoast SEO plugin. -->","yoast_head_json":{"title":"#mydailydose Abstraktse kunsti poster Curiosity 1\/2 (suurused tollides) - #mydailydose","robots":{"index":"index","follow":"follow","max-snippet":"max-snippet:-1","max-image-preview":"max-image-preview:large","max-video-preview":"max-video-preview:-1"},"canonical":"https:\/\/mydailydose.eu\/et\/toode\/mydailydose-abstraktse-kunsti-poster-curiosity-1-2-tollides\/","og_locale":"et_EE","og_type":"article","og_title":"#mydailydose Abstraktse kunsti poster Curiosity 1\/2 (suurused tollides) - #mydailydose","og_description":"#mydailydose postrid on mu originaalloomingu digitr\u00fckised. Need paksul matil paberil Giclee tippkvaliteettr\u00fckis vormistatud postrid on loodud elavdama sinu ruumi ja kutsuma sind m\u00e4ngulisemasse meeleollu, et v\u00f5iksid tunda oma p\u00e4evast rohkem r\u00f5\u00f5mu. Tore kingitus iseendale v\u00f5i armsatele l\u00e4hedastele. Tr\u00fckitud kvaliteetpaberile ja valmis raamimiseks. Ei sisalda raami. Postipakendiks postitustoru. \u2022 Paberi paksus: 10.3 mil (0.26 mm) \u2022 [&hellip;]","og_url":"https:\/\/mydailydose.eu\/et\/toode\/mydailydose-abstraktse-kunsti-poster-curiosity-1-2-tollides\/","og_site_name":"#mydailydose","article_modified_time":"2024-05-25T16:01:57+00:00","og_image":[{"width":1000,"height":1000,"url":"https:\/\/mydailydose.eu\/wp-content\/uploads\/2023\/11\/enhanced-matte-paper-poster-in-20x30-lifestyle-1-655a5b2de65eb.jpg","type":"image\/jpeg"}],"twitter_card":"summary_large_image","twitter_misc":{"Est. reading time":"1 minut"},"schema":{"@context":"https:\/\/schema.org","@graph":[{"@type":"WebPage","@id":"https:\/\/mydailydose.eu\/et\/toode\/mydailydose-abstraktse-kunsti-poster-curiosity-1-2-tollides\/","url":"https:\/\/mydailydose.eu\/et\/toode\/mydailydose-abstraktse-kunsti-poster-curiosity-1-2-tollides\/","name":"#mydailydose Abstraktse kunsti poster Curiosity 1\/2 (suurused tollides) - #mydailydose","isPartOf":{"@id":"https:\/\/www.mydailydose.eu\/#website"},"primaryImageOfPage":{"@id":"https:\/\/mydailydose.eu\/et\/toode\/mydailydose-abstraktse-kunsti-poster-curiosity-1-2-tollides\/#primaryimage"},"image":{"@id":"https:\/\/mydailydose.eu\/et\/toode\/mydailydose-abstraktse-kunsti-poster-curiosity-1-2-tollides\/#primaryimage"},"thumbnailUrl":"https:\/\/www.mydailydose.eu\/wp-content\/uploads\/2023\/11\/enhanced-matte-paper-poster-in-20x30-lifestyle-1-655a5b2de65eb.jpg","datePublished":"2023-11-19T19:00:11+00:00","dateModified":"2024-05-25T16:01:57+00:00","breadcrumb":{"@id":"https:\/\/mydailydose.eu\/et\/toode\/mydailydose-abstraktse-kunsti-poster-curiosity-1-2-tollides\/#breadcrumb"},"inLanguage":"et","potentialAction":[{"@type":"ReadAction","target":["https:\/\/mydailydose.eu\/et\/toode\/mydailydose-abstraktse-kunsti-poster-curiosity-1-2-tollides\/"]}]},{"@type":"ImageObject","inLanguage":"et","@id":"https:\/\/mydailydose.eu\/et\/toode\/mydailydose-abstraktse-kunsti-poster-curiosity-1-2-tollides\/#primaryimage","url":"https:\/\/www.mydailydose.eu\/wp-content\/uploads\/2023\/11\/enhanced-matte-paper-poster-in-20x30-lifestyle-1-655a5b2de65eb.jpg","contentUrl":"https:\/\/www.mydailydose.eu\/wp-content\/uploads\/2023\/11\/enhanced-matte-paper-poster-in-20x30-lifestyle-1-655a5b2de65eb.jpg","width":1000,"height":1000},{"@type":"BreadcrumbList","@id":"https:\/\/mydailydose.eu\/et\/toode\/mydailydose-abstraktse-kunsti-poster-curiosity-1-2-tollides\/#breadcrumb","itemListElement":[{"@type":"ListItem","position":1,"name":"Home","item":"https:\/\/mydailydose.eu\/et\/"},{"@type":"ListItem","position":2,"name":"Shop","item":"https:\/\/www.mydailydose.eu\/shop\/"},{"@type":"ListItem","position":3,"name":"#mydailydose Abstraktse kunsti poster Curiosity 1\/2 (suurused tollides)"}]},{"@type":"WebSite","@id":"https:\/\/www.mydailydose.eu\/#website","url":"https:\/\/www.mydailydose.eu\/","name":"#mydailydose","description":"Unique Gifts to #findyourfab - Original Art and Designs by Inna Inanna","potentialAction":[{"@type":"SearchAction","target":{"@type":"EntryPoint","urlTemplate":"https:\/\/www.mydailydose.eu\/?s={search_term_string}"},"query-input":{"@type":"PropertyValueSpecification","valueRequired":true,"valueName":"search_term_string"}}],"inLanguage":"et"}]}},"_links":{"self":[{"href":"https:\/\/www.mydailydose.eu\/et\/wp-json\/wp\/v2\/product\/7382","targetHints":{"allow":["GET"]}}],"collection":[{"href":"https:\/\/www.mydailydose.eu\/et\/wp-json\/wp\/v2\/product"}],"about":[{"href":"https:\/\/www.mydailydose.eu\/et\/wp-json\/wp\/v2\/types\/product"}],"replies":[{"embeddable":true,"href":"https:\/\/www.mydailydose.eu\/et\/wp-json\/wp\/v2\/comments?post=7382"}],"wp:featuredmedia":[{"embeddable":true,"href":"https:\/\/www.mydailydose.eu\/et\/wp-json\/wp\/v2\/media\/7281"}],"wp:attachment":[{"href":"https:\/\/www.mydailydose.eu\/et\/wp-json\/wp\/v2\/media?parent=7382"}],"wp:term":[{"taxonomy":"product_brand","embeddable":true,"href":"https:\/\/www.mydailydose.eu\/et\/wp-json\/wp\/v2\/product_brand?post=7382"},{"taxonomy":"product_cat","embeddable":true,"href":"https:\/\/www.mydailydose.eu\/et\/wp-json\/wp\/v2\/product_cat?post=7382"},{"taxonomy":"product_tag","embeddable":true,"href":"https:\/\/www.mydailydose.eu\/et\/wp-json\/wp\/v2\/product_tag?post=7382"}],"curies":[{"name":"wp","href":"https:\/\/api.w.org\/{rel}","templated":true}]}}