{"id":6413,"date":"2022-11-30T20:56:54","date_gmt":"2022-11-30T18:56:54","guid":{"rendered":"https:\/\/mydailydose.eu\/?page_id=6413"},"modified":"2024-02-12T10:16:52","modified_gmt":"2024-02-12T08:16:52","slug":"linkinbio-est","status":"publish","type":"page","link":"https:\/\/www.mydailydose.eu\/et\/linkinbio-est\/","title":{"rendered":"LINKINBIO &#8211; est"},"content":{"rendered":"\t\t<div data-elementor-type=\"wp-page\" data-elementor-id=\"6413\" class=\"elementor elementor-6413\">\n\t\t\t\t\t\t<section class=\"elementor-section elementor-top-section elementor-element elementor-element-9c66ca0 elementor-section-boxed elementor-section-height-default elementor-section-height-default\" data-id=\"9c66ca0\" data-element_type=\"section\" data-e-type=\"section\">\n\t\t\t\t\t\t<div class=\"elementor-container elementor-column-gap-default\">\n\t\t\t\t\t<div class=\"elementor-column elementor-col-100 elementor-top-column elementor-element elementor-element-c2d31ad\" data-id=\"c2d31ad\" data-element_type=\"column\" data-e-type=\"column\">\n\t\t\t<div class=\"elementor-widget-wrap elementor-element-populated\">\n\t\t\t\t\t\t<div class=\"elementor-element elementor-element-7088aa5 elementor-position-top elementor-widget elementor-widget-image-box\" data-id=\"7088aa5\" data-element_type=\"widget\" data-e-type=\"widget\" data-widget_type=\"image-box.default\">\n\t\t\t\t<div class=\"elementor-widget-container\">\n\t\t\t\t\t<div class=\"elementor-image-box-wrapper\"><figure class=\"elementor-image-box-img\"><a href=\"http:\/\/mydailydose.eu\" tabindex=\"-1\"><img decoding=\"async\" width=\"150\" height=\"150\" src=\"https:\/\/www.mydailydose.eu\/wp-content\/uploads\/2022\/11\/imageedit_4_3856201972-150x150.png\" class=\"attachment-thumbnail size-thumbnail wp-image-6401\" alt=\"\" srcset=\"https:\/\/www.mydailydose.eu\/wp-content\/uploads\/2022\/11\/imageedit_4_3856201972-150x150.png 150w, https:\/\/www.mydailydose.eu\/wp-content\/uploads\/2022\/11\/imageedit_4_3856201972-300x300.png 300w, https:\/\/www.mydailydose.eu\/wp-content\/uploads\/2022\/11\/imageedit_4_3856201972-1024x1024.png 1024w, https:\/\/www.mydailydose.eu\/wp-content\/uploads\/2022\/11\/imageedit_4_3856201972-768x768.png 768w, https:\/\/www.mydailydose.eu\/wp-content\/uploads\/2022\/11\/imageedit_4_3856201972-600x600.png 600w, https:\/\/www.mydailydose.eu\/wp-content\/uploads\/2022\/11\/imageedit_4_3856201972-100x100.png 100w, https:\/\/www.mydailydose.eu\/wp-content\/uploads\/2022\/11\/imageedit_4_3856201972.png 1060w\" sizes=\"(max-width: 150px) 100vw, 150px\" \/><\/a><\/figure><div class=\"elementor-image-box-content\"><h3 class=\"elementor-image-box-title\"><a href=\"http:\/\/mydailydose.eu\">#mydailydose<\/a><\/h3><p class=\"elementor-image-box-description\">Instagram post links<br>The English version  becomes available after clicking the item below<\/p><\/div><\/div>\t\t\t\t<\/div>\n\t\t\t\t<\/div>\n\t\t\t\t\t<\/div>\n\t\t<\/div>\n\t\t\t\t\t<\/div>\n\t\t<\/section>\n\t\t\t\t<section class=\"elementor-section elementor-top-section elementor-element elementor-element-5405ae2 elementor-section-boxed elementor-section-height-default elementor-section-height-default\" data-id=\"5405ae2\" data-element_type=\"section\" data-e-type=\"section\" data-settings=\"{&quot;background_background&quot;:&quot;classic&quot;}\">\n\t\t\t\t\t\t<div class=\"elementor-container elementor-column-gap-no\">\n\t\t\t\t\t<div class=\"elementor-column elementor-col-100 elementor-top-column elementor-element elementor-element-a83c25a\" data-id=\"a83c25a\" data-element_type=\"column\" data-e-type=\"column\">\n\t\t\t<div class=\"elementor-widget-wrap elementor-element-populated\">\n\t\t\t\t\t\t<div class=\"elementor-element elementor-element-7726d79 beauty_products elementor-widget elementor-widget-shortcode\" data-id=\"7726d79\" data-element_type=\"widget\" data-e-type=\"widget\" data-widget_type=\"shortcode.default\">\n\t\t\t\t<div class=\"elementor-widget-container\">\n\t\t\t\t\t\t\t<div class=\"elementor-shortcode\"><div class=\"woocommerce columns-4 \"><ul class=\"products columns-4\">\n<li class=\"desktop-align-left tablet-align-left mobile-align-left product type-product post-5822 status-publish first instock product_cat-raamatud has-post-thumbnail shipping-taxable purchasable product-type-simple\">\n\t<a href=\"https:\/\/www.mydailydose.eu\/et\/toode\/mandalamaagia\/\" class=\"woocommerce-LoopProduct-link woocommerce-loop-product__link\"><img fetchpriority=\"high\" decoding=\"async\" width=\"300\" height=\"300\" src=\"https:\/\/www.mydailydose.eu\/wp-content\/uploads\/2022\/11\/MM-ek-300x300.png\" class=\"attachment-woocommerce_thumbnail size-woocommerce_thumbnail\" alt=\"#mydailydose MANDALAMAAGIA v\u00e4rvimisvihik\" srcset=\"https:\/\/www.mydailydose.eu\/wp-content\/uploads\/2022\/11\/MM-ek-300x300.png 300w, https:\/\/www.mydailydose.eu\/wp-content\/uploads\/2022\/11\/MM-ek-150x150.png 150w, https:\/\/www.mydailydose.eu\/wp-content\/uploads\/2022\/11\/MM-ek-600x598.png 600w, https:\/\/www.mydailydose.eu\/wp-content\/uploads\/2022\/11\/MM-ek-100x100.png 100w, https:\/\/www.mydailydose.eu\/wp-content\/uploads\/2022\/11\/MM-ek.png 744w\" sizes=\"(max-width: 300px) 100vw, 300px\" \/><h2 class=\"woocommerce-loop-product__title\">#mydailydose MANDALAMAAGIA v\u00e4rvimisvihik<\/h2>\n\t<span class=\"price\"><span class=\"woocommerce-Price-amount amount\"><bdi><span class=\"woocommerce-Price-currencySymbol\">&euro;<\/span>12.00<\/bdi><\/span><\/span>\n<\/a><a href=\"\/et\/wp-json\/wp\/v2\/pages\/6413?add-to-cart=5822\" aria-describedby=\"woocommerce_loop_add_to_cart_link_describedby_5822\" data-quantity=\"1\" class=\"button product_type_simple add_to_cart_button ajax_add_to_cart\" data-product_id=\"5822\" data-product_sku=\"\" aria-label=\"Add to cart: &ldquo;#mydailydose MANDALAMAAGIA v\u00e4rvimisvihik&rdquo;\" rel=\"nofollow\" data-success_message=\"&ldquo;#mydailydose MANDALAMAAGIA v\u00e4rvimisvihik&rdquo; has been added to your cart\" role=\"button\">Lisa korvi<\/a>\t<span id=\"woocommerce_loop_add_to_cart_link_describedby_5822\" class=\"screen-reader-text\">\n\t\t\t<\/span>\n<\/li>\n<li class=\"desktop-align-left tablet-align-left mobile-align-left product type-product post-5924 status-publish instock product_cat-sundmused product_tag-naost-nakku has-post-thumbnail virtual purchasable product-type-simple\">\n\t<a href=\"https:\/\/www.mydailydose.eu\/et\/toode\/loovusrannak-avanemine-uuele\/\" class=\"woocommerce-LoopProduct-link woocommerce-loop-product__link\"><img decoding=\"async\" width=\"300\" height=\"300\" src=\"https:\/\/www.mydailydose.eu\/wp-content\/uploads\/2022\/12\/ruut-300x300.jpg\" class=\"attachment-woocommerce_thumbnail size-woocommerce_thumbnail\" alt=\"MITTEAKTIIVNE!! P\u00dcHAP\u00c4EVAHOMMIKUNE LOOVUSR\u00c4NNAK INNA INANNAGA: AVANEMINE UUELE\" srcset=\"https:\/\/www.mydailydose.eu\/wp-content\/uploads\/2022\/12\/ruut-300x300.jpg 300w, https:\/\/www.mydailydose.eu\/wp-content\/uploads\/2022\/12\/ruut-150x150.jpg 150w, https:\/\/www.mydailydose.eu\/wp-content\/uploads\/2022\/12\/ruut-100x100.jpg 100w\" sizes=\"(max-width: 300px) 100vw, 300px\" \/><h2 class=\"woocommerce-loop-product__title\">MITTEAKTIIVNE!! P\u00dcHAP\u00c4EVAHOMMIKUNE LOOVUSR\u00c4NNAK INNA INANNAGA: AVANEMINE UUELE<\/h2>\n\t<span class=\"price\"><span class=\"woocommerce-Price-amount amount\"><bdi><span class=\"woocommerce-Price-currencySymbol\">&euro;<\/span>0.00<\/bdi><\/span><\/span>\n<\/a><a href=\"\/et\/wp-json\/wp\/v2\/pages\/6413?add-to-cart=5924\" aria-describedby=\"woocommerce_loop_add_to_cart_link_describedby_5924\" data-quantity=\"1\" class=\"button product_type_simple add_to_cart_button ajax_add_to_cart\" data-product_id=\"5924\" data-product_sku=\"\" aria-label=\"Add to cart: &ldquo;MITTEAKTIIVNE!! P\u00dcHAP\u00c4EVAHOMMIKUNE LOOVUSR\u00c4NNAK INNA INANNAGA: AVANEMINE UUELE&rdquo;\" rel=\"nofollow\" data-success_message=\"&ldquo;MITTEAKTIIVNE!! P\u00dcHAP\u00c4EVAHOMMIKUNE LOOVUSR\u00c4NNAK INNA INANNAGA: AVANEMINE UUELE&rdquo; has been added to your cart\" role=\"button\">Lisa korvi<\/a>\t<span id=\"woocommerce_loop_add_to_cart_link_describedby_5924\" class=\"screen-reader-text\">\n\t\t\t<\/span>\n<\/li>\n<\/ul>\n<\/div>\n<\/div>\n\t\t\t\t\t\t<\/div>\n\t\t\t\t<\/div>\n\t\t\t\t\t<\/div>\n\t\t<\/div>\n\t\t\t\t\t<\/div>\n\t\t<\/section>\n\t\t\t\t<\/div>\n\t\t","protected":false},"excerpt":{"rendered":"<p>#mydailydose Instagram post linksThe English version becomes available after clicking the item below<\/p>\n","protected":false},"author":1,"featured_media":0,"parent":0,"menu_order":0,"comment_status":"closed","ping_status":"closed","template":"","meta":{"site-sidebar-layout":"no-sidebar","site-content-layout":"page-builder","ast-site-content-layout":"default","site-content-style":"default","site-sidebar-style":"default","ast-global-header-display":"","ast-banner-title-visibility":"","ast-main-header-display":"","ast-hfb-above-header-display":"","ast-hfb-below-header-display":"","ast-hfb-mobile-header-display":"","site-post-title":"disabled","ast-breadcrumbs-content":"","ast-featured-img":"disabled","footer-sml-layout":"","ast-disable-related-posts":"","theme-transparent-header-meta":"default","adv-header-id-meta":"","stick-header-meta":"","header-above-stick-meta":"","header-main-stick-meta":"","header-below-stick-meta":"","astra-migrate-meta-layouts":"default","ast-page-background-enabled":"default","ast-page-background-meta":{"desktop":{"background-color":"","background-image":"","background-repeat":"repeat","background-position":"center center","background-size":"auto","background-attachment":"scroll","background-type":"","background-media":"","overlay-type":"","overlay-color":"","overlay-opacity":"","overlay-gradient":""},"tablet":{"background-color":"","background-image":"","background-repeat":"repeat","background-position":"center center","background-size":"auto","background-attachment":"scroll","background-type":"","background-media":"","overlay-type":"","overlay-color":"","overlay-opacity":"","overlay-gradient":""},"mobile":{"background-color":"","background-image":"","background-repeat":"repeat","background-position":"center center","background-size":"auto","background-attachment":"scroll","background-type":"","background-media":"","overlay-type":"","overlay-color":"","overlay-opacity":"","overlay-gradient":""}},"ast-content-background-meta":{"desktop":{"background-color":"var(--ast-global-color-5)","background-image":"","background-repeat":"repeat","background-position":"center center","background-size":"auto","background-attachment":"scroll","background-type":"","background-media":"","overlay-type":"","overlay-color":"","overlay-opacity":"","overlay-gradient":""},"tablet":{"background-color":"var(--ast-global-color-5)","background-image":"","background-repeat":"repeat","background-position":"center center","background-size":"auto","background-attachment":"scroll","background-type":"","background-media":"","overlay-type":"","overlay-color":"","overlay-opacity":"","overlay-gradient":""},"mobile":{"background-color":"var(--ast-global-color-5)","background-image":"","background-repeat":"repeat","background-position":"center center","background-size":"auto","background-attachment":"scroll","background-type":"","background-media":"","overlay-type":"","overlay-color":"","overlay-opacity":"","overlay-gradient":""}},"footnotes":""},"class_list":["post-6413","page","type-page","status-publish","hentry"],"yoast_head":"<!-- This site is optimized with the Yoast SEO plugin v27.4 - https:\/\/yoast.com\/product\/yoast-seo-wordpress\/ -->\n<title>LINKINBIO - est - #mydailydose<\/title>\n<meta name=\"robots\" content=\"index, follow, max-snippet:-1, max-image-preview:large, max-video-preview:-1\" \/>\n<link rel=\"canonical\" href=\"https:\/\/mydailydose.eu\/et\/linkinbio-est\/\" \/>\n<meta property=\"og:locale\" content=\"et_EE\" \/>\n<meta property=\"og:type\" content=\"article\" \/>\n<meta property=\"og:title\" content=\"LINKINBIO - est - #mydailydose\" \/>\n<meta property=\"og:description\" content=\"#mydailydose Instagram post linksThe English version becomes available after clicking the item below\" \/>\n<meta property=\"og:url\" content=\"https:\/\/mydailydose.eu\/et\/linkinbio-est\/\" \/>\n<meta property=\"og:site_name\" content=\"#mydailydose\" \/>\n<meta property=\"article:modified_time\" content=\"2024-02-12T08:16:52+00:00\" \/>\n<meta property=\"og:image\" content=\"https:\/\/mydailydose.eu\/wp-content\/uploads\/2022\/11\/imageedit_4_3856201972-150x150.png\" \/>\n<meta name=\"twitter:card\" content=\"summary_large_image\" \/>\n<script type=\"application\/ld+json\" class=\"yoast-schema-graph\">{\"@context\":\"https:\\\/\\\/schema.org\",\"@graph\":[{\"@type\":\"WebPage\",\"@id\":\"https:\\\/\\\/mydailydose.eu\\\/et\\\/linkinbio-est\\\/\",\"url\":\"https:\\\/\\\/mydailydose.eu\\\/et\\\/linkinbio-est\\\/\",\"name\":\"LINKINBIO - est - #mydailydose\",\"isPartOf\":{\"@id\":\"https:\\\/\\\/mydailydose.eu\\\/et\\\/#website\"},\"primaryImageOfPage\":{\"@id\":\"https:\\\/\\\/mydailydose.eu\\\/et\\\/linkinbio-est\\\/#primaryimage\"},\"image\":{\"@id\":\"https:\\\/\\\/mydailydose.eu\\\/et\\\/linkinbio-est\\\/#primaryimage\"},\"thumbnailUrl\":\"https:\\\/\\\/mydailydose.eu\\\/wp-content\\\/uploads\\\/2022\\\/11\\\/imageedit_4_3856201972-150x150.png\",\"datePublished\":\"2022-11-30T18:56:54+00:00\",\"dateModified\":\"2024-02-12T08:16:52+00:00\",\"breadcrumb\":{\"@id\":\"https:\\\/\\\/mydailydose.eu\\\/et\\\/linkinbio-est\\\/#breadcrumb\"},\"inLanguage\":\"et\",\"potentialAction\":[{\"@type\":\"ReadAction\",\"target\":[\"https:\\\/\\\/mydailydose.eu\\\/et\\\/linkinbio-est\\\/\"]}]},{\"@type\":\"ImageObject\",\"inLanguage\":\"et\",\"@id\":\"https:\\\/\\\/mydailydose.eu\\\/et\\\/linkinbio-est\\\/#primaryimage\",\"url\":\"https:\\\/\\\/mydailydose.eu\\\/wp-content\\\/uploads\\\/2022\\\/11\\\/imageedit_4_3856201972-150x150.png\",\"contentUrl\":\"https:\\\/\\\/mydailydose.eu\\\/wp-content\\\/uploads\\\/2022\\\/11\\\/imageedit_4_3856201972-150x150.png\"},{\"@type\":\"BreadcrumbList\",\"@id\":\"https:\\\/\\\/mydailydose.eu\\\/et\\\/linkinbio-est\\\/#breadcrumb\",\"itemListElement\":[{\"@type\":\"ListItem\",\"position\":1,\"name\":\"Home\",\"item\":\"https:\\\/\\\/mydailydose.eu\\\/et\\\/\"},{\"@type\":\"ListItem\",\"position\":2,\"name\":\"LINKINBIO &#8211; est\"}]},{\"@type\":\"WebSite\",\"@id\":\"https:\\\/\\\/mydailydose.eu\\\/et\\\/#website\",\"url\":\"https:\\\/\\\/mydailydose.eu\\\/et\\\/\",\"name\":\"#mydailydose\",\"description\":\"Unique Gifts to #findyourfab - Original Art and Designs by Inna Inanna\",\"potentialAction\":[{\"@type\":\"SearchAction\",\"target\":{\"@type\":\"EntryPoint\",\"urlTemplate\":\"https:\\\/\\\/mydailydose.eu\\\/et\\\/?s={search_term_string}\"},\"query-input\":{\"@type\":\"PropertyValueSpecification\",\"valueRequired\":true,\"valueName\":\"search_term_string\"}}],\"inLanguage\":\"et\"}]}<\/script>\n<!-- \/ Yoast SEO plugin. -->","yoast_head_json":{"title":"LINKINBIO - est - #mydailydose","robots":{"index":"index","follow":"follow","max-snippet":"max-snippet:-1","max-image-preview":"max-image-preview:large","max-video-preview":"max-video-preview:-1"},"canonical":"https:\/\/mydailydose.eu\/et\/linkinbio-est\/","og_locale":"et_EE","og_type":"article","og_title":"LINKINBIO - est - #mydailydose","og_description":"#mydailydose Instagram post linksThe English version becomes available after clicking the item below","og_url":"https:\/\/mydailydose.eu\/et\/linkinbio-est\/","og_site_name":"#mydailydose","article_modified_time":"2024-02-12T08:16:52+00:00","og_image":[{"url":"https:\/\/mydailydose.eu\/wp-content\/uploads\/2022\/11\/imageedit_4_3856201972-150x150.png","type":"","width":"","height":""}],"twitter_card":"summary_large_image","schema":{"@context":"https:\/\/schema.org","@graph":[{"@type":"WebPage","@id":"https:\/\/mydailydose.eu\/et\/linkinbio-est\/","url":"https:\/\/mydailydose.eu\/et\/linkinbio-est\/","name":"LINKINBIO - est - #mydailydose","isPartOf":{"@id":"https:\/\/mydailydose.eu\/et\/#website"},"primaryImageOfPage":{"@id":"https:\/\/mydailydose.eu\/et\/linkinbio-est\/#primaryimage"},"image":{"@id":"https:\/\/mydailydose.eu\/et\/linkinbio-est\/#primaryimage"},"thumbnailUrl":"https:\/\/mydailydose.eu\/wp-content\/uploads\/2022\/11\/imageedit_4_3856201972-150x150.png","datePublished":"2022-11-30T18:56:54+00:00","dateModified":"2024-02-12T08:16:52+00:00","breadcrumb":{"@id":"https:\/\/mydailydose.eu\/et\/linkinbio-est\/#breadcrumb"},"inLanguage":"et","potentialAction":[{"@type":"ReadAction","target":["https:\/\/mydailydose.eu\/et\/linkinbio-est\/"]}]},{"@type":"ImageObject","inLanguage":"et","@id":"https:\/\/mydailydose.eu\/et\/linkinbio-est\/#primaryimage","url":"https:\/\/mydailydose.eu\/wp-content\/uploads\/2022\/11\/imageedit_4_3856201972-150x150.png","contentUrl":"https:\/\/mydailydose.eu\/wp-content\/uploads\/2022\/11\/imageedit_4_3856201972-150x150.png"},{"@type":"BreadcrumbList","@id":"https:\/\/mydailydose.eu\/et\/linkinbio-est\/#breadcrumb","itemListElement":[{"@type":"ListItem","position":1,"name":"Home","item":"https:\/\/mydailydose.eu\/et\/"},{"@type":"ListItem","position":2,"name":"LINKINBIO &#8211; est"}]},{"@type":"WebSite","@id":"https:\/\/mydailydose.eu\/et\/#website","url":"https:\/\/mydailydose.eu\/et\/","name":"#mydailydose","description":"Unique Gifts to #findyourfab - Original Art and Designs by Inna Inanna","potentialAction":[{"@type":"SearchAction","target":{"@type":"EntryPoint","urlTemplate":"https:\/\/mydailydose.eu\/et\/?s={search_term_string}"},"query-input":{"@type":"PropertyValueSpecification","valueRequired":true,"valueName":"search_term_string"}}],"inLanguage":"et"}]}},"_links":{"self":[{"href":"https:\/\/www.mydailydose.eu\/et\/wp-json\/wp\/v2\/pages\/6413","targetHints":{"allow":["GET"]}}],"collection":[{"href":"https:\/\/www.mydailydose.eu\/et\/wp-json\/wp\/v2\/pages"}],"about":[{"href":"https:\/\/www.mydailydose.eu\/et\/wp-json\/wp\/v2\/types\/page"}],"author":[{"embeddable":true,"href":"https:\/\/www.mydailydose.eu\/et\/wp-json\/wp\/v2\/users\/1"}],"replies":[{"embeddable":true,"href":"https:\/\/www.mydailydose.eu\/et\/wp-json\/wp\/v2\/comments?post=6413"}],"version-history":[{"count":5,"href":"https:\/\/www.mydailydose.eu\/et\/wp-json\/wp\/v2\/pages\/6413\/revisions"}],"predecessor-version":[{"id":7577,"href":"https:\/\/www.mydailydose.eu\/et\/wp-json\/wp\/v2\/pages\/6413\/revisions\/7577"}],"wp:attachment":[{"href":"https:\/\/www.mydailydose.eu\/et\/wp-json\/wp\/v2\/media?parent=6413"}],"curies":[{"name":"wp","href":"https:\/\/api.w.org\/{rel}","templated":true}]}}